{"id":2017,"date":"2025-12-22T16:30:06","date_gmt":"2025-12-22T16:30:06","guid":{"rendered":"https:\/\/magnes.ch\/sekretesspolicy-magnes\/"},"modified":"2026-02-26T11:52:40","modified_gmt":"2026-02-26T11:52:40","slug":"sekretesspolicy-magnes","status":"publish","type":"page","link":"https:\/\/magnes.ch\/sv\/sekretesspolicy-magnes\/","title":{"rendered":"Sekretesspolicy Magnes"},"content":{"rendered":"\r\n<div class=\"mx-auto max-w-prose text-lg\"><\/div>\r\n<h3 class=\"wp-block-heading\">1. Inledning<\/h3>\r\n This privacy notice sets out how Magnes AG (\u201cMagnes\u201d) processes your personal data collected through the Magnes Nushu (\u201cWearable\u201d), the Nushu App (\u201cApp\u201d) and\/or the Webportal (\u201cWebportal\u201d) in order to provide the product and services (the &#8221;Services&#8221;) offered by Magnes to you.&#13;\n<h3 class=\"wp-block-heading\">2. Vem \u00e4r ansvarig f\u00f6r behandlingen av dina personuppgifter?<\/h3>&#13;\n The data controller of your personal data processed by Magnes is:  MAGNES AG  Hardturmstrasse 253  8005 Z\u00fcrich  Switzerland  If you have a concern or complaint about the processing of your personal data please contact the controller via <a href=\"mailto:privacy@magnes.ch\">privacy@magnes.ch<\/a> &#13;\n<h3 class=\"wp-block-heading\">\u00a0<\/h3>&#13;\n<h3 class=\"wp-block-heading\">3. Vilken typ av personuppgifter behandlar Magnes?<\/h3>&#13;\n Magnes may process the following categories of personal data: For the purchase of the Wearable: Your name, contact details (i.e. address, phone number, email address), payment information (e.g. credit card details). &#13;\n<h4 class=\"wp-block-heading\">I den b\u00e4rbara enheten:<\/h4>&#13;\n\r\n<ul class=\"wp-block-list\">\r\n<li style=\"list-style-type: none;\">\r\n<ul>&#13;\n<li><strong>Personuppgifter:<\/strong> Inga<\/li>&#13;\n&#13;\n&#13;\n&#13;\n\r\n\r\n&#13;\n<ul>&#13;\n<li style=\"list-style-type: none;\">\n<ul>\n<li><strong>Teknisk information:<\/strong> Nushu-identifierare (dvs. MAC-adress, UID), Bluetooth\u00ae- och WiFi-inst\u00e4llningar (P\u00e5\/Av)<\/li>\n<\/ul>\n<\/li>&#13;\n<\/ul>&#13;\n\r\n\r\n&#13;\n<ul>&#13;\n<li style=\"list-style-type: none;\">\n<ul>\n<li><strong>H\u00e4lsodata:<\/strong> G\u00e5ngdata<\/li>\n<\/ul>\n<\/li>&#13;\n<\/ul>&#13;\n&#13;\n<h4 class=\"wp-block-heading\">I appen:<\/h4>&#13;\n\r\n<ul class=\"wp-block-list\">\r\n<li style=\"list-style-type: none;\">\r\n<ul>&#13;\n<li><strong>Personuppgifter:<\/strong> Namn (efternamn, mellannamn och f\u00f6rnamn), adress, telefonnummer, e-postadress, f\u00f6delsedatum<\/li>&#13;\n&#13;\n&#13;\n&#13;\n\r\n\r\n&#13;\n<ul>&#13;\n<li style=\"list-style-type: none;\">\n<ul>\n<li><strong>Teknisk information:<\/strong> IP-adress, Nushu-identifierare (dvs. MAC-adress, UID), datum och tider f\u00f6r \u00e5tkomst till appen, telefon-\/enhetstyp samt programvaruversion, operativsystem, Bluetooth\u00ae- och WiFi-inst\u00e4llningar (P\u00e5\/Av)<\/li>\n<\/ul>\n<\/li>&#13;\n<\/ul>&#13;\n\r\n\r\n&#13;\n<ul>&#13;\n<li style=\"list-style-type: none;\">\n<ul>\n<li><strong>H\u00e4lsodata:<\/strong> Vikt, skostorlek, \u00e5lder, l\u00e4ngd, nedsatt sida, g\u00e5ngdata.<\/li>\n<\/ul>\n<\/li>&#13;\n<\/ul>&#13;\n&#13;\n<h4 class=\"wp-block-heading\">I webbportalen:<\/h4>&#13;\n\r\n<ul class=\"wp-block-list\">\r\n<li style=\"list-style-type: none;\">\r\n<ul>&#13;\n<li><strong>Personuppgifter:<\/strong> Namn (efternamn, mellannamn och f\u00f6rnamn), adress, telefonnummer, e-postadress, f\u00f6delsedatum.<\/li>&#13;\n&#13;\n&#13;\n&#13;\n\r\n\r\n&#13;\n<ul>&#13;\n<li style=\"list-style-type: none;\">\n<ul>\n<li><strong>Teknisk information:<\/strong> Nushu-identifierare (dvs. MAC-adress, UID), datum och tider f\u00f6r \u00e5tkomst till den b\u00e4rbara enheten, telefon-\/enhetstyp samt programvaruversion, operativsystem, Bluetooth\u00ae- och WiFi-inst\u00e4llningar (P\u00e5\/Av).<\/li>\n<\/ul>\n<\/li>&#13;\n<\/ul>&#13;\n\r\n\r\n&#13;\n<ul>&#13;\n<li style=\"list-style-type: none;\">\n<ul>\n<li><strong>H\u00e4lsodata:<\/strong> Vikt, skostorlek, \u00e5lder, l\u00e4ngd, nedsatt sida, g\u00e5ngdata.<\/li>\n<\/ul>\n<\/li>&#13;\n<\/ul>&#13;\n&#13;\n<h3 class=\"wp-block-heading\">4. F\u00f6r vilka \u00e4ndam\u00e5l behandlar Magnes dina personuppgifter?<\/h3>&#13;\n Magnes processes your personal data for the following purposes: \r\n<ul class=\"wp-block-list\">\r\n<li style=\"list-style-type: none;\">\r\n<ul>&#13;\n<li>f\u00f6rs\u00e4ljning av den b\u00e4rbara enheten och tillhandah\u00e5llande av tj\u00e4nsterna, inklusive fakturering av relevanta avgifter,<\/li>&#13;\n&#13;\n&#13;\n&#13;\n\r\n\r\n&#13;\n<ul>&#13;\n<li style=\"list-style-type: none;\">\n<ul>\n<li>tillhandah\u00e5llande av kundsupport och teknisk assistans, inklusive leverans av kommunikation avseende f\u00f6rs\u00e4ljning av den b\u00e4rbara enheten och tillhandah\u00e5llande av tj\u00e4nsterna,<\/li>\n<\/ul>\n<\/li>&#13;\n<\/ul>&#13;\n\r\n\r\n&#13;\n<ul>&#13;\n<li style=\"list-style-type: none;\">\n<ul>\n<li>m\u00e4tning av servicekvalitet och relevanta m\u00e4tv\u00e4rden f\u00f6r den b\u00e4rbara enheten och appen,<\/li>\n<\/ul>\n<\/li>&#13;\n<\/ul>&#13;\n\r\n\r\n&#13;\n<ul>&#13;\n<li style=\"list-style-type: none;\">\n<ul>\n<li>hantering av klagom\u00e5l och tvister,<\/li>\n<\/ul>\n<\/li>&#13;\n<\/ul>&#13;\n\r\n\r\n&#13;\n<ul>&#13;\n<li style=\"list-style-type: none;\">\n<ul>\n<li>s\u00e4kerst\u00e4llande av efterlevnad av till\u00e4mpliga dataskyddslagar och\/eller svar p\u00e5 f\u00f6rfr\u00e5gningar fr\u00e5n offentliga myndigheter och statliga organ,<\/li>\n<\/ul>\n<\/li>&#13;\n<\/ul>&#13;\n\r\n\r\n&#13;\n<ul>&#13;\n<li style=\"list-style-type: none;\">\n<ul>\n<li>genomf\u00f6rande av kreditbed\u00f6mningar av auktoriserade f\u00f6retag,<\/li>\n<\/ul>\n<\/li>&#13;\n<\/ul>&#13;\n\r\n\r\n&#13;\n<ul>&#13;\n<li style=\"list-style-type: none;\">\n<ul>\n<li>genomf\u00f6rande av tester, uppdateringar och utveckling avseende den b\u00e4rbara enheten, appen och de tj\u00e4nster som tillhandah\u00e5lls av Magnes,<\/li>\n<\/ul>\n<\/li>&#13;\n<\/ul>&#13;\n\r\n\r\n&#13;\n<ul>&#13;\n<li style=\"list-style-type: none;\">\n<ul>\n<li>genomf\u00f6rande av due diligence-aktiviteter av tredje parter s\u00e5som f\u00f6rv\u00e4rvare, investerare och\/eller deras r\u00e5dgivare f\u00f6r en potentiell f\u00f6rs\u00e4ljning av verksamheten eller investering i f\u00f6retaget,<\/li>\n<\/ul>\n<\/li>&#13;\n<\/ul>&#13;\n\r\n\r\n&#13;\n<ul>&#13;\n<li style=\"list-style-type: none;\">\n<ul>\n<li>f\u00f6r \u00e4ndam\u00e5let (direkt)marknadsf\u00f6ringskommunikation avseende tj\u00e4nsterna,<\/li>\n<\/ul>\n<\/li>&#13;\n<\/ul>&#13;\n\r\n\r\n&#13;\n<ul>&#13;\n<li style=\"list-style-type: none;\">\n<ul>\n<li>leverans av nyhetsbrev,<\/li>\n<\/ul>\n<\/li>&#13;\n<\/ul>&#13;\n&#13;\n<h3 class=\"wp-block-heading\">5. P\u00e5 vilken r\u00e4ttslig grund behandlar Magnes dina personuppgifter?<\/h3>&#13;\n Your personal data will be processed based one or several of the following legal grounds: \r\n<ul class=\"wp-block-list\">\r\n<li style=\"list-style-type: none;\">\r\n<ul>&#13;\n<li>Ing\u00e5ende, fullg\u00f6rande och upps\u00e4gning av avtal avseende den b\u00e4rbara enheten och\/eller tj\u00e4nsterna<\/li>&#13;\n&#13;\n&#13;\n&#13;\n\r\n\r\n&#13;\n<ul>&#13;\n<li style=\"list-style-type: none;\">\n<ul>\n<li>Magnes ber\u00e4ttigade intressen<\/li>\n<\/ul>\n<\/li>&#13;\n<\/ul>&#13;\n\r\n\r\n&#13;\n<ul>&#13;\n<li style=\"list-style-type: none;\">\n<ul>\n<li>Efterlevnad av till\u00e4mpliga lagar<\/li>\n<\/ul>\n<\/li>&#13;\n<\/ul>&#13;\n\r\n\r\n&#13;\n<ul>&#13;\n<li style=\"list-style-type: none;\">\n<ul>\n<li>Ditt samtycke<\/li>\n<\/ul>\n<\/li>&#13;\n<\/ul>&#13;\n&#13;\n<h3 class=\"wp-block-heading\">6. Finns det en skyldighet att tillhandah\u00e5lla dina personuppgifter?<\/h3>&#13;\n You are free to provide your personal data or not.  Special Categories of Data (Health data) will only be processed by Magnes if you have provided your express consent to do so.  Please note that if you do not provide your personal data or your special category data, Magnes may not be able to sell the Wearable or provide the Services to you. &#13;\n<h3 class=\"wp-block-heading\">7. Hur skyddar Magnes dina personuppgifter?<\/h3>&#13;\n Your personal data will be processed both electronically and\/or manually. To ensure the security, protection, and confidentiality of your personal data Magnes has implemented the appropriate technical and organizational measures against loss, theft, and unauthorized use, disclosure, or modification. All data transfers occur using HTTPS and the database needs to have a valid SSL certificate for the App to perform data transfers. The devices use a WPA2 encrypted network to transfer data. &#13;\n<h3 class=\"wp-block-heading\">8. Vem kan ha tillg\u00e5ng till dina personuppgifter?<\/h3>&#13;\n Your personal data may be transferred to the following recipients located within Switzerland and the EEA and, in certain cases, outside Switzerland and the EEA: \r\n<ul class=\"wp-block-list\">\r\n<li style=\"list-style-type: none;\">\r\n<ul>&#13;\n<li>Tredjepartsleverant\u00f6rer som kr\u00e4vs f\u00f6r f\u00f6rs\u00e4ljning av den b\u00e4rbara enheten eller f\u00f6r att tillhandah\u00e5lla tj\u00e4nsterna, assistans eller r\u00e5dgivning till Magnes, s\u00e5som teknik-, redovisnings-, administrativa, juridiska, f\u00f6rs\u00e4krings-, IT- (inklusive molntj\u00e4nster) eller marknadsf\u00f6ringsf\u00f6retag,<\/li>&#13;\n&#13;\n&#13;\n&#13;\n\r\n\r\n&#13;\n<ul>&#13;\n<li style=\"list-style-type: none;\">\n<ul>\n<li>Beh\u00f6riga myndigheter<\/li>\n<\/ul>\n<\/li>&#13;\n<\/ul>&#13;\n\r\n\r\n&#13;\n<ul>&#13;\n<li style=\"list-style-type: none;\">\n<ul>\n<li>Potentiella f\u00f6rv\u00e4rvare eller partners till Magnes<\/li>\n<\/ul>\n<\/li>&#13;\n<\/ul>&#13;\n\r\n\r\n&#13;\n<ul>&#13;\n<li style=\"list-style-type: none;\">\n<ul>\n<li>Kreditupplysningsf\u00f6retag<\/li>\n<\/ul>\n<\/li>&#13;\n<\/ul>&#13;\n\r\n\r\n&#13;\n<ul>&#13;\n<li style=\"list-style-type: none;\">\n<ul>\n<li>L\u00e4karen och\/eller kliniken d\u00e4r du behandlas (med f\u00f6rbeh\u00e5ll f\u00f6r ditt samtycke)<\/li>\n<\/ul>\n<\/li>&#13;\n<\/ul>&#13;\n\r\n\r\n&#13;\n<ul>&#13;\n<li style=\"list-style-type: none;\">\n<ul>\n<li>En tredje part som du v\u00e4ljer att dela dina uppgifter med (med f\u00f6rbeh\u00e5ll f\u00f6r ditt samtycke)<\/li>\n<\/ul>\n<\/li>&#13;\n<\/ul>&#13;\n Where Magnes uses third party providers, Magnes will ensure that such providers adhere to the requirements of the relevant data protection laws. Where a third party recipient qualifies as a data processor, Magnes will enter into the appropriate agreements with such processor, in particular a data processing agreement where legally required. &#13;\n<h3 class=\"wp-block-heading\">9. \u00d6verf\u00f6ring av dina personuppgifter utanf\u00f6r Schweiz och EES?<\/h3>&#13;\n Generally, your personal data will be processed in Switzerland or the EEA.  For transfers outside Switzerland or the EEA, Magnes has put in place appropriate and suitable safeguards to protect your personal data in compliance with the requirements of applicable data protection laws, in particular Art. 44-50 of the GDPR. This may involve the transfer to countries with an adequacy decision or the use of standard contractual clauses adopted by the European Commission. &#13;\n<h3 class=\"wp-block-heading\">10. Hur l\u00e4nge kommer Magnes att beh\u00e5lla dina personuppgifter?<\/h3>&#13;\n Magnes stores your personal data for as long as this is necessary for the initiation, execution or termination of your contractual relationship Magnes and the provision of the Services. If the processing is based on your consent, your personal data will be retained until the consent is revoked.  When the contractual relationship has ended or you have revoked your consent, your personal data will be deleted by Magnes, except where Magnes is required to retain such data due to statutory retention obligations (e.g. for tax purposes) or Magnes has a legitimate interest to keep your personal data (e.g. in case of a dispute). &#13;\n<h3 class=\"wp-block-heading\">11. Vilka r\u00e4ttigheter har du avseende dina personuppgifter?<\/h3>&#13;\n You have the following rights in relation to personal data relating to you: \r\n<ul class=\"wp-block-list\">\r\n<li style=\"list-style-type: none;\">\r\n<ul>&#13;\n<li>R\u00e4tt till tillg\u00e5ng<\/li>&#13;\n&#13;\n&#13;\n&#13;\n\r\n\r\n&#13;\n<ul>&#13;\n<li style=\"list-style-type: none;\">\n<ul>\n<li>R\u00e4tt till r\u00e4ttelse<\/li>\n<\/ul>\n<\/li>&#13;\n<\/ul>&#13;\n\r\n\r\n&#13;\n<ul>&#13;\n<li style=\"list-style-type: none;\">\n<ul>\n<li>R\u00e4tt till radering<\/li>\n<\/ul>\n<\/li>&#13;\n<\/ul>&#13;\n\r\n\r\n&#13;\n<ul>&#13;\n<li style=\"list-style-type: none;\">\n<ul>\n<li>R\u00e4tt till begr\u00e4nsning av behandling<\/li>\n<\/ul>\n<\/li>&#13;\n<\/ul>&#13;\n\r\n\r\n&#13;\n<ul>&#13;\n<li style=\"list-style-type: none;\">\n<ul>\n<li>R\u00e4tt att inv\u00e4nda mot behandling<\/li>\n<\/ul>\n<\/li>&#13;\n<\/ul>&#13;\n\r\n\r\n&#13;\n<ul>&#13;\n<li style=\"list-style-type: none;\">\n<ul>\n<li>R\u00e4tt till dataportabilitet<\/li>\n<\/ul>\n<\/li>&#13;\n<\/ul>&#13;\n If you consider that the processing of your personal data is unlawful, you also have the right to lodge a complaint about our processing of your personal data with a data protection supervisory authority in your country of residence.  <strong>Insofar as you have given consent to Magnes for the processing of your personal data in respect of the purchase of the Wearable or the use of the App or Webportal, you may revoke this consent at any time with effect for the future. The processing of your personal data until your revocation remains unaffected.<\/strong>  To the extent that the processing of your personal data is carried out for Magnes\u2018 legitimate interests, you have the right to object to the processing of this data at any time for grounds relating to your particular situation. Magnes will then no longer process this personal data unless Magnes can demonstrate compelling legitimate grounds for the processing. These must override your interests, rights and freedoms, or the processing must serve the assertion, exercise or defence of legal claims.  To assert your rights or for other data protection concerns, you can contact Magnes at any time via the contact channels listed in section 2 above and\/or as set out in Magnes imprint. &#13;\n<h3 class=\"wp-block-heading\">12. Kommer det att f\u00f6rekomma automatiserat beslutsfattande?<\/h3>&#13;\n There will be no automated decision making about you by Magnes. &#13;\n<h3 class=\"wp-block-heading\"><strong>13. Kan Magnes anv\u00e4nda anonymiserade data?<\/strong><\/h3>&#13;\n In order to assess, enhance and further develop the Wearable, the App or its Services and for scientific purposes, Magnes may use your personal data in an anonymized form. Your data will be anonymized completely by Magnes so that neither Magnes nor any third party can reverse the anonymization or identify you. &#13;\n<h3 class=\"wp-block-heading\">14. Minder\u00e5riga<\/h3>&#13;\n The Wearable and the App may be used by adults (i.e. people who are 16 years or older).  Where personal data of a child is processed, we require that a parent provides consent to the processing of personal data of the child. &#13;\n<h3 class=\"wp-block-heading\">15. Uppdateringar<\/h3>&#13;\n This privacy notice may be subsequently updated. Material changes will be notified in advance and you will be able to review the latest version of the privacy notice on the website <a href=\"https:\/\/magnes.ch\">www.magnes.ch<\/a> and on the App. ","protected":false},"excerpt":{"rendered":"<p>1. Inledning This privacy notice sets out how Magnes AG (\u201cMagnes\u201d) processes your personal data collected through the Magnes Nushu (\u201cWearable\u201d), the Nushu App (\u201cApp\u201d) and\/or the Webportal (\u201cWebportal\u201d) in order to provide the product and services (the &#8221;Services&#8221;) offered by Magnes to you.&#13; 2. Vem \u00e4r ansvarig f\u00f6r behandlingen av dina personuppgifter? &#13; The [&hellip;]<\/p>\n","protected":false},"author":2,"featured_media":0,"parent":0,"menu_order":0,"comment_status":"closed","ping_status":"closed","template":"","meta":{"_acf_changed":false,"footnotes":""},"class_list":["post-2017","page","type-page","status-publish","hentry"],"acf":[],"_links":{"self":[{"href":"https:\/\/magnes.ch\/sv\/wp-json\/wp\/v2\/pages\/2017","targetHints":{"allow":["GET"]}}],"collection":[{"href":"https:\/\/magnes.ch\/sv\/wp-json\/wp\/v2\/pages"}],"about":[{"href":"https:\/\/magnes.ch\/sv\/wp-json\/wp\/v2\/types\/page"}],"author":[{"embeddable":true,"href":"https:\/\/magnes.ch\/sv\/wp-json\/wp\/v2\/users\/2"}],"replies":[{"embeddable":true,"href":"https:\/\/magnes.ch\/sv\/wp-json\/wp\/v2\/comments?post=2017"}],"version-history":[{"count":1,"href":"https:\/\/magnes.ch\/sv\/wp-json\/wp\/v2\/pages\/2017\/revisions"}],"predecessor-version":[{"id":2018,"href":"https:\/\/magnes.ch\/sv\/wp-json\/wp\/v2\/pages\/2017\/revisions\/2018"}],"wp:attachment":[{"href":"https:\/\/magnes.ch\/sv\/wp-json\/wp\/v2\/media?parent=2017"}],"curies":[{"name":"wp","href":"https:\/\/api.w.org\/{rel}","templated":true}]}}