{"id":2013,"date":"2025-12-22T16:30:06","date_gmt":"2025-12-22T16:30:06","guid":{"rendered":"https:\/\/magnes.ch\/personvernerklaering-magnes\/"},"modified":"2026-02-26T11:52:35","modified_gmt":"2026-02-26T11:52:35","slug":"personvernerklaering-magnes","status":"publish","type":"page","link":"https:\/\/magnes.ch\/no\/personvernerklaering-magnes\/","title":{"rendered":"Personvernerkl\u00e6ring Magnes"},"content":{"rendered":"\r\n<div class=\"mx-auto max-w-prose text-lg\"><\/div>\r\n<h3 class=\"wp-block-heading\">1. Innledning<\/h3>\r\n This privacy notice sets out how Magnes AG (\u201cMagnes\u201d) processes your personal data collected through the Magnes Nushu (\u201cWearable\u201d), the Nushu App (\u201cApp\u201d) and\/or the Webportal (\u201cWebportal\u201d) in order to provide the product and services (the &laquo;Services&raquo;) offered by Magnes to you.&#13;\n<h3 class=\"wp-block-heading\">2. Hvem er ansvarlig for behandlingen av dine personopplysninger?<\/h3>&#13;\n The data controller of your personal data processed by Magnes is:  MAGNES AG  Hardturmstrasse 253  8005 Z\u00fcrich  Switzerland  If you have a concern or complaint about the processing of your personal data please contact the controller via <a href=\"mailto:privacy@magnes.ch\">privacy@magnes.ch<\/a> &#13;\n<h3 class=\"wp-block-heading\">\u00a0<\/h3>&#13;\n<h3 class=\"wp-block-heading\">3. Hvilke typer personopplysninger behandler Magnes?<\/h3>&#13;\n Magnes may process the following categories of personal data: For the purchase of the Wearable: Your name, contact details (i.e. address, phone number, email address), payment information (e.g. credit card details). &#13;\n<h4 class=\"wp-block-heading\">I den b\u00e6rbare enheten:<\/h4>&#13;\n\r\n<ul class=\"wp-block-list\">\r\n<li style=\"list-style-type: none;\">\r\n<ul>&#13;\n<li><strong>Personopplysninger:<\/strong> Ingen<\/li>&#13;\n&#13;\n&#13;\n&#13;\n\r\n\r\n&#13;\n<ul>&#13;\n<li style=\"list-style-type: none;\">\n<ul>\n<li><strong>Teknisk informasjon:<\/strong> Nushu-identifikator (dvs. MAC-adresse, UID), Bluetooth\u00ae- og WiFi-innstillinger (P\u00e5\/Av)<\/li>\n<\/ul>\n<\/li>&#13;\n<\/ul>&#13;\n\r\n\r\n&#13;\n<ul>&#13;\n<li style=\"list-style-type: none;\">\n<ul>\n<li><strong>Helsedata:<\/strong> Gangdata<\/li>\n<\/ul>\n<\/li>&#13;\n<\/ul>&#13;\n&#13;\n<h4 class=\"wp-block-heading\">I appen:<\/h4>&#13;\n\r\n<ul class=\"wp-block-list\">\r\n<li style=\"list-style-type: none;\">\r\n<ul>&#13;\n<li><strong>Personopplysninger:<\/strong> Navn (etternavn, mellomnavn og fornavn), adresse, telefonnummer, e-postadresse, f\u00f8dselsdato<\/li>&#13;\n&#13;\n&#13;\n&#13;\n\r\n\r\n&#13;\n<ul>&#13;\n<li style=\"list-style-type: none;\">\n<ul>\n<li><strong>Teknisk informasjon:<\/strong> IP-adresse, Nushu-identifikator (dvs. MAC-adresse, UID), dato og klokkeslett for tilgang til appen, telefon-\/enhetstype samt programvareversjon, operativsystem, Bluetooth\u00ae- og WiFi-innstillinger (P\u00e5\/Av)<\/li>\n<\/ul>\n<\/li>&#13;\n<\/ul>&#13;\n\r\n\r\n&#13;\n<ul>&#13;\n<li style=\"list-style-type: none;\">\n<ul>\n<li><strong>Helsedata:<\/strong> Vekt, skost\u00f8rrelse, alder, h\u00f8yde, skadet side, gangdata.<\/li>\n<\/ul>\n<\/li>&#13;\n<\/ul>&#13;\n&#13;\n<h4 class=\"wp-block-heading\">I nettportalen:<\/h4>&#13;\n\r\n<ul class=\"wp-block-list\">\r\n<li style=\"list-style-type: none;\">\r\n<ul>&#13;\n<li><strong>Personopplysninger:<\/strong> Navn (etternavn, mellomnavn og fornavn), adresse, telefonnummer, e-postadresse, f\u00f8dselsdato.<\/li>&#13;\n&#13;\n&#13;\n&#13;\n\r\n\r\n&#13;\n<ul>&#13;\n<li style=\"list-style-type: none;\">\n<ul>\n<li><strong>Teknisk informasjon:<\/strong> Nushu-identifikator (dvs. MAC-adresse, UID), dato og klokkeslett for tilgang til den b\u00e6rbare enheten, telefon-\/enhetstype samt programvareversjon, operativsystem, Bluetooth\u00ae- og WiFi-innstillinger (P\u00e5\/Av).<\/li>\n<\/ul>\n<\/li>&#13;\n<\/ul>&#13;\n\r\n\r\n&#13;\n<ul>&#13;\n<li style=\"list-style-type: none;\">\n<ul>\n<li><strong>Helsedata:<\/strong> Vekt, skost\u00f8rrelse, alder, h\u00f8yde, skadet side, gangdata.<\/li>\n<\/ul>\n<\/li>&#13;\n<\/ul>&#13;\n&#13;\n<h3 class=\"wp-block-heading\">4. Til hvilke form\u00e5l behandler Magnes dine personopplysninger?<\/h3>&#13;\n Magnes processes your personal data for the following purposes: \r\n<ul class=\"wp-block-list\">\r\n<li style=\"list-style-type: none;\">\r\n<ul>&#13;\n<li>salg av den b\u00e6rbare enheten og levering av tjenestene, inkludert fakturering av relevante gebyrer;<\/li>&#13;\n&#13;\n&#13;\n&#13;\n\r\n\r\n&#13;\n<ul>&#13;\n<li style=\"list-style-type: none;\">\n<ul>\n<li>levering av kundesupport og teknisk assistanse, inkludert kommunikasjon knyttet til salg av den b\u00e6rbare enheten og levering av tjenestene;<\/li>\n<\/ul>\n<\/li>&#13;\n<\/ul>&#13;\n\r\n\r\n&#13;\n<ul>&#13;\n<li style=\"list-style-type: none;\">\n<ul>\n<li>m\u00e5ling av tjenestekvalitet og relevante m\u00e5leparametere for den b\u00e6rbare enheten og appen;<\/li>\n<\/ul>\n<\/li>&#13;\n<\/ul>&#13;\n\r\n\r\n&#13;\n<ul>&#13;\n<li style=\"list-style-type: none;\">\n<ul>\n<li>h\u00e5ndtering av klager og tvister;<\/li>\n<\/ul>\n<\/li>&#13;\n<\/ul>&#13;\n\r\n\r\n&#13;\n<ul>&#13;\n<li style=\"list-style-type: none;\">\n<ul>\n<li>sikring av overholdelse av gjeldende personvernlovgivning og\/eller respons p\u00e5 foresp\u00f8rsler fra offentlige myndigheter;<\/li>\n<\/ul>\n<\/li>&#13;\n<\/ul>&#13;\n\r\n\r\n&#13;\n<ul>&#13;\n<li style=\"list-style-type: none;\">\n<ul>\n<li>gjennomf\u00f8ring av kredittvurderinger av autoriserte selskaper;<\/li>\n<\/ul>\n<\/li>&#13;\n<\/ul>&#13;\n\r\n\r\n&#13;\n<ul>&#13;\n<li style=\"list-style-type: none;\">\n<ul>\n<li>gjennomf\u00f8ring av tester, oppdateringer og utvikling av den b\u00e6rbare enheten, appen og tjenestene levert av Magnes;<\/li>\n<\/ul>\n<\/li>&#13;\n<\/ul>&#13;\n\r\n\r\n&#13;\n<ul>&#13;\n<li style=\"list-style-type: none;\">\n<ul>\n<li>gjennomf\u00f8ring av due diligence-aktiviteter av tredjeparter som oppkj\u00f8pere, investorer og\/eller deres r\u00e5dgivere i forbindelse med et potensielt salg av virksomheten eller investering i selskapet;<\/li>\n<\/ul>\n<\/li>&#13;\n<\/ul>&#13;\n\r\n\r\n&#13;\n<ul>&#13;\n<li style=\"list-style-type: none;\">\n<ul>\n<li>for form\u00e5l knyttet til (direkte) markedsf\u00f8ringskommunikasjon om tjenestene;<\/li>\n<\/ul>\n<\/li>&#13;\n<\/ul>&#13;\n\r\n\r\n&#13;\n<ul>&#13;\n<li style=\"list-style-type: none;\">\n<ul>\n<li>utsendelse av nyhetsbrev;<\/li>\n<\/ul>\n<\/li>&#13;\n<\/ul>&#13;\n&#13;\n<h3 class=\"wp-block-heading\">5. P\u00e5 hvilket rettslig grunnlag behandler Magnes dine personopplysninger?<\/h3>&#13;\n Your personal data will be processed based one or several of the following legal grounds: \r\n<ul class=\"wp-block-list\">\r\n<li style=\"list-style-type: none;\">\r\n<ul>&#13;\n<li>Inng\u00e5else, gjennomf\u00f8ring og avslutning av kontrakt vedr\u00f8rende den b\u00e6rbare enheten og\/eller tjenestene<\/li>&#13;\n&#13;\n&#13;\n&#13;\n\r\n\r\n&#13;\n<ul>&#13;\n<li style=\"list-style-type: none;\">\n<ul>\n<li>Magnes&#8217; berettigede interesser<\/li>\n<\/ul>\n<\/li>&#13;\n<\/ul>&#13;\n\r\n\r\n&#13;\n<ul>&#13;\n<li style=\"list-style-type: none;\">\n<ul>\n<li>Overholdelse av gjeldende lovgivning<\/li>\n<\/ul>\n<\/li>&#13;\n<\/ul>&#13;\n\r\n\r\n&#13;\n<ul>&#13;\n<li style=\"list-style-type: none;\">\n<ul>\n<li>Ditt samtykke<\/li>\n<\/ul>\n<\/li>&#13;\n<\/ul>&#13;\n&#13;\n<h3 class=\"wp-block-heading\">6. Er det en plikt til \u00e5 oppgi dine personopplysninger?<\/h3>&#13;\n You are free to provide your personal data or not.  Special Categories of Data (Health data) will only be processed by Magnes if you have provided your express consent to do so.  Please note that if you do not provide your personal data or your special category data, Magnes may not be able to sell the Wearable or provide the Services to you. &#13;\n<h3 class=\"wp-block-heading\">7. Hvordan beskytter Magnes dine personopplysninger?<\/h3>&#13;\n Your personal data will be processed both electronically and\/or manually. To ensure the security, protection, and confidentiality of your personal data Magnes has implemented the appropriate technical and organizational measures against loss, theft, and unauthorized use, disclosure, or modification. All data transfers occur using HTTPS and the database needs to have a valid SSL certificate for the App to perform data transfers. The devices use a WPA2 encrypted network to transfer data. &#13;\n<h3 class=\"wp-block-heading\">8. Hvem kan ha tilgang til dine personopplysninger?<\/h3>&#13;\n Your personal data may be transferred to the following recipients located within Switzerland and the EEA and, in certain cases, outside Switzerland and the EEA: \r\n<ul class=\"wp-block-list\">\r\n<li style=\"list-style-type: none;\">\r\n<ul>&#13;\n<li>Tredjeparts tjenesteleverand\u00f8rer som er n\u00f8dvendige for salg av den b\u00e6rbare enheten eller for levering av tjenestene, assistanse eller r\u00e5dgivning til Magnes, slik som teknologi-, regnskaps-, administrative, juridiske, forsikrings-, IT- (inkludert skytjenester) eller markedsf\u00f8ringsselskaper;<\/li>&#13;\n&#13;\n&#13;\n&#13;\n\r\n\r\n&#13;\n<ul>&#13;\n<li style=\"list-style-type: none;\">\n<ul>\n<li>Kompetente myndigheter<\/li>\n<\/ul>\n<\/li>&#13;\n<\/ul>&#13;\n\r\n\r\n&#13;\n<ul>&#13;\n<li style=\"list-style-type: none;\">\n<ul>\n<li>Potensielle oppkj\u00f8pere eller partnere til Magnes<\/li>\n<\/ul>\n<\/li>&#13;\n<\/ul>&#13;\n\r\n\r\n&#13;\n<ul>&#13;\n<li style=\"list-style-type: none;\">\n<ul>\n<li>Kredittbyr\u00e5er<\/li>\n<\/ul>\n<\/li>&#13;\n<\/ul>&#13;\n\r\n\r\n&#13;\n<ul>&#13;\n<li style=\"list-style-type: none;\">\n<ul>\n<li>Legen og\/eller klinikken der du behandles (med ditt samtykke)<\/li>\n<\/ul>\n<\/li>&#13;\n<\/ul>&#13;\n\r\n\r\n&#13;\n<ul>&#13;\n<li style=\"list-style-type: none;\">\n<ul>\n<li>En tredjepart du velger \u00e5 dele dataene dine med (med ditt samtykke)<\/li>\n<\/ul>\n<\/li>&#13;\n<\/ul>&#13;\n Where Magnes uses third party providers, Magnes will ensure that such providers adhere to the requirements of the relevant data protection laws. Where a third party recipient qualifies as a data processor, Magnes will enter into the appropriate agreements with such processor, in particular a data processing agreement where legally required. &#13;\n<h3 class=\"wp-block-heading\">9. Overf\u00f8ring av dine personopplysninger utenfor Sveits og E\u00d8S?<\/h3>&#13;\n Generally, your personal data will be processed in Switzerland or the EEA.  For transfers outside Switzerland or the EEA, Magnes has put in place appropriate and suitable safeguards to protect your personal data in compliance with the requirements of applicable data protection laws, in particular Art. 44-50 of the GDPR. This may involve the transfer to countries with an adequacy decision or the use of standard contractual clauses adopted by the European Commission. &#13;\n<h3 class=\"wp-block-heading\">10. Hvor lenge vil Magnes oppbevare dine personopplysninger?<\/h3>&#13;\n Magnes stores your personal data for as long as this is necessary for the initiation, execution or termination of your contractual relationship Magnes and the provision of the Services. If the processing is based on your consent, your personal data will be retained until the consent is revoked.  When the contractual relationship has ended or you have revoked your consent, your personal data will be deleted by Magnes, except where Magnes is required to retain such data due to statutory retention obligations (e.g. for tax purposes) or Magnes has a legitimate interest to keep your personal data (e.g. in case of a dispute). &#13;\n<h3 class=\"wp-block-heading\">11. Hvilke rettigheter har du med hensyn til dine personopplysninger?<\/h3>&#13;\n You have the following rights in relation to personal data relating to you: \r\n<ul class=\"wp-block-list\">\r\n<li style=\"list-style-type: none;\">\r\n<ul>&#13;\n<li>Rett til innsyn<\/li>&#13;\n&#13;\n&#13;\n&#13;\n\r\n\r\n&#13;\n<ul>&#13;\n<li style=\"list-style-type: none;\">\n<ul>\n<li>Rett til retting<\/li>\n<\/ul>\n<\/li>&#13;\n<\/ul>&#13;\n\r\n\r\n&#13;\n<ul>&#13;\n<li style=\"list-style-type: none;\">\n<ul>\n<li>Rett til sletting<\/li>\n<\/ul>\n<\/li>&#13;\n<\/ul>&#13;\n\r\n\r\n&#13;\n<ul>&#13;\n<li style=\"list-style-type: none;\">\n<ul>\n<li>Rett til begrensning av behandling<\/li>\n<\/ul>\n<\/li>&#13;\n<\/ul>&#13;\n\r\n\r\n&#13;\n<ul>&#13;\n<li style=\"list-style-type: none;\">\n<ul>\n<li>Rett til \u00e5 protestere mot behandling<\/li>\n<\/ul>\n<\/li>&#13;\n<\/ul>&#13;\n\r\n\r\n&#13;\n<ul>&#13;\n<li style=\"list-style-type: none;\">\n<ul>\n<li>Rett til dataportabilitet<\/li>\n<\/ul>\n<\/li>&#13;\n<\/ul>&#13;\n If you consider that the processing of your personal data is unlawful, you also have the right to lodge a complaint about our processing of your personal data with a data protection supervisory authority in your country of residence.  <strong>Insofar as you have given consent to Magnes for the processing of your personal data in respect of the purchase of the Wearable or the use of the App or Webportal, you may revoke this consent at any time with effect for the future. The processing of your personal data until your revocation remains unaffected.<\/strong>  To the extent that the processing of your personal data is carried out for Magnes\u2018 legitimate interests, you have the right to object to the processing of this data at any time for grounds relating to your particular situation. Magnes will then no longer process this personal data unless Magnes can demonstrate compelling legitimate grounds for the processing. These must override your interests, rights and freedoms, or the processing must serve the assertion, exercise or defence of legal claims.  To assert your rights or for other data protection concerns, you can contact Magnes at any time via the contact channels listed in section 2 above and\/or as set out in Magnes imprint. &#13;\n<h3 class=\"wp-block-heading\">12. Vil det forekomme automatisert beslutningstaking?<\/h3>&#13;\n There will be no automated decision making about you by Magnes. &#13;\n<h3 class=\"wp-block-heading\"><strong>13. Kan Magnes bruke anonymiserte data?<\/strong><\/h3>&#13;\n In order to assess, enhance and further develop the Wearable, the App or its Services and for scientific purposes, Magnes may use your personal data in an anonymized form. Your data will be anonymized completely by Magnes so that neither Magnes nor any third party can reverse the anonymization or identify you. &#13;\n<h3 class=\"wp-block-heading\">14. Mindre\u00e5rige<\/h3>&#13;\n The Wearable and the App may be used by adults (i.e. people who are 16 years or older).  Where personal data of a child is processed, we require that a parent provides consent to the processing of personal data of the child. &#13;\n<h3 class=\"wp-block-heading\">15. Oppdateringer<\/h3>&#13;\n This privacy notice may be subsequently updated. Material changes will be notified in advance and you will be able to review the latest version of the privacy notice on the website <a href=\"https:\/\/magnes.ch\">www.magnes.ch<\/a> and on the App. ","protected":false},"excerpt":{"rendered":"<p>1. Innledning This privacy notice sets out how Magnes AG (\u201cMagnes\u201d) processes your personal data collected through the Magnes Nushu (\u201cWearable\u201d), the Nushu App (\u201cApp\u201d) and\/or the Webportal (\u201cWebportal\u201d) in order to provide the product and services (the &laquo;Services&raquo;) offered by Magnes to you.&#13; 2. Hvem er ansvarlig for behandlingen av dine personopplysninger? &#13; The [&hellip;]<\/p>\n","protected":false},"author":2,"featured_media":0,"parent":0,"menu_order":0,"comment_status":"closed","ping_status":"closed","template":"","meta":{"_acf_changed":false,"footnotes":""},"class_list":["post-2013","page","type-page","status-publish","hentry"],"acf":[],"_links":{"self":[{"href":"https:\/\/magnes.ch\/no\/wp-json\/wp\/v2\/pages\/2013","targetHints":{"allow":["GET"]}}],"collection":[{"href":"https:\/\/magnes.ch\/no\/wp-json\/wp\/v2\/pages"}],"about":[{"href":"https:\/\/magnes.ch\/no\/wp-json\/wp\/v2\/types\/page"}],"author":[{"embeddable":true,"href":"https:\/\/magnes.ch\/no\/wp-json\/wp\/v2\/users\/2"}],"replies":[{"embeddable":true,"href":"https:\/\/magnes.ch\/no\/wp-json\/wp\/v2\/comments?post=2013"}],"version-history":[{"count":1,"href":"https:\/\/magnes.ch\/no\/wp-json\/wp\/v2\/pages\/2013\/revisions"}],"predecessor-version":[{"id":2014,"href":"https:\/\/magnes.ch\/no\/wp-json\/wp\/v2\/pages\/2013\/revisions\/2014"}],"wp:attachment":[{"href":"https:\/\/magnes.ch\/no\/wp-json\/wp\/v2\/media?parent=2013"}],"curies":[{"name":"wp","href":"https:\/\/api.w.org\/{rel}","templated":true}]}}