{"id":2005,"date":"2025-12-22T16:30:06","date_gmt":"2025-12-22T16:30:06","guid":{"rendered":"https:\/\/magnes.ch\/avis-de-confidentialite-magnes\/"},"modified":"2026-02-26T11:52:29","modified_gmt":"2026-02-26T11:52:29","slug":"avis-de-confidentialite-magnes","status":"publish","type":"page","link":"https:\/\/magnes.ch\/fr\/avis-de-confidentialite-magnes\/","title":{"rendered":"Avis de confidentialit\u00e9 Magnes"},"content":{"rendered":"\r\n<div class=\"mx-auto max-w-prose text-lg\"><\/div>\r\n<h3 class=\"wp-block-heading\">1. Introduction<\/h3>\r\n This privacy notice sets out how Magnes AG (\u201cMagnes\u201d) processes your personal data collected through the Magnes Nushu (\u201cWearable\u201d), the Nushu App (\u201cApp\u201d) and\/or the Webportal (\u201cWebportal\u201d) in order to provide the product and services (the \u00ab\u00a0Services\u00a0\u00bb) offered by Magnes to you.&#13;\n<h3 class=\"wp-block-heading\">2. Qui est responsable du traitement de vos donn\u00e9es personnelles ?<\/h3>&#13;\n The data controller of your personal data processed by Magnes is:  MAGNES AG  Hardturmstrasse 253  8005 Z\u00fcrich  Switzerland  If you have a concern or complaint about the processing of your personal data please contact the controller via <a href=\"mailto:privacy@magnes.ch\">privacy@magnes.ch<\/a> &#13;\n<h3 class=\"wp-block-heading\">\u00a0<\/h3>&#13;\n<h3 class=\"wp-block-heading\">3. Quels types de donn\u00e9es personnelles Magnes traite-t-il ?<\/h3>&#13;\n Magnes may process the following categories of personal data: For the purchase of the Wearable: Your name, contact details (i.e. address, phone number, email address), payment information (e.g. credit card details). &#13;\n<h4 class=\"wp-block-heading\">Dans le dispositif portable :<\/h4>&#13;\n\r\n<ul class=\"wp-block-list\">\r\n<li style=\"list-style-type: none;\">\r\n<ul>&#13;\n<li><strong>Informations personnelles :<\/strong> Aucune<\/li>&#13;\n&#13;\n&#13;\n&#13;\n\r\n\r\n&#13;\n<ul>&#13;\n<li style=\"list-style-type: none;\">\n<ul>\n<li><strong>Informations techniques :<\/strong> Identifiant Nushu (c&rsquo;est-\u00e0-dire adresse MAC, UID), param\u00e8tres Bluetooth\u00ae et WiFi (Activ\u00e9\/D\u00e9sactiv\u00e9)<\/li>\n<\/ul>\n<\/li>&#13;\n<\/ul>&#13;\n\r\n\r\n&#13;\n<ul>&#13;\n<li style=\"list-style-type: none;\">\n<ul>\n<li><strong>Donn\u00e9es de sant\u00e9 :<\/strong> Donn\u00e9es de marche<\/li>\n<\/ul>\n<\/li>&#13;\n<\/ul>&#13;\n&#13;\n<h4 class=\"wp-block-heading\">Dans l&rsquo;application :<\/h4>&#13;\n\r\n<ul class=\"wp-block-list\">\r\n<li style=\"list-style-type: none;\">\r\n<ul>&#13;\n<li><strong>Informations personnelles :<\/strong> Nom (nom de famille, deuxi\u00e8me pr\u00e9nom et pr\u00e9nom), adresse, num\u00e9ro de t\u00e9l\u00e9phone, adresse \u00e9lectronique, date de naissance<\/li>&#13;\n&#13;\n&#13;\n&#13;\n\r\n\r\n&#13;\n<ul>&#13;\n<li style=\"list-style-type: none;\">\n<ul>\n<li><strong>Informations techniques :<\/strong> Adresse IP, identifiant Nushu (c&rsquo;est-\u00e0-dire adresse MAC, UID), dates et heures d&rsquo;acc\u00e8s \u00e0 l&rsquo;application, type de t\u00e9l\u00e9phone\/appareil, ainsi que version du logiciel, syst\u00e8me d&rsquo;exploitation, param\u00e8tres Bluetooth\u00ae et WiFi (Activ\u00e9\/D\u00e9sactiv\u00e9)<\/li>\n<\/ul>\n<\/li>&#13;\n<\/ul>&#13;\n\r\n\r\n&#13;\n<ul>&#13;\n<li style=\"list-style-type: none;\">\n<ul>\n<li><strong>Donn\u00e9es de sant\u00e9 :<\/strong> Poids, pointure, \u00e2ge, taille, c\u00f4t\u00e9 affect\u00e9, donn\u00e9es de marche.<\/li>\n<\/ul>\n<\/li>&#13;\n<\/ul>&#13;\n&#13;\n<h4 class=\"wp-block-heading\">Dans le portail Web :<\/h4>&#13;\n\r\n<ul class=\"wp-block-list\">\r\n<li style=\"list-style-type: none;\">\r\n<ul>&#13;\n<li><strong>Informations personnelles :<\/strong> Nom (nom de famille, deuxi\u00e8me pr\u00e9nom et pr\u00e9nom), adresse, num\u00e9ro de t\u00e9l\u00e9phone, adresse \u00e9lectronique, date de naissance.<\/li>&#13;\n&#13;\n&#13;\n&#13;\n\r\n\r\n&#13;\n<ul>&#13;\n<li style=\"list-style-type: none;\">\n<ul>\n<li><strong>Informations techniques :<\/strong> Identifiant Nushu (c&rsquo;est-\u00e0-dire adresse MAC, UID), dates et heures d&rsquo;acc\u00e8s au dispositif portable, type de t\u00e9l\u00e9phone\/appareil, ainsi que version du logiciel, syst\u00e8me d&rsquo;exploitation, param\u00e8tres Bluetooth\u00ae et WiFi (Activ\u00e9\/D\u00e9sactiv\u00e9).<\/li>\n<\/ul>\n<\/li>&#13;\n<\/ul>&#13;\n\r\n\r\n&#13;\n<ul>&#13;\n<li style=\"list-style-type: none;\">\n<ul>\n<li><strong>Donn\u00e9es de sant\u00e9 :<\/strong> Poids, pointure, \u00e2ge, taille, c\u00f4t\u00e9 affect\u00e9, donn\u00e9es de marche.<\/li>\n<\/ul>\n<\/li>&#13;\n<\/ul>&#13;\n&#13;\n<h3 class=\"wp-block-heading\">4. \u00c0 quelles fins Magnes traite-t-il vos donn\u00e9es personnelles ?<\/h3>&#13;\n Magnes processes your personal data for the following purposes: \r\n<ul class=\"wp-block-list\">\r\n<li style=\"list-style-type: none;\">\r\n<ul>&#13;\n<li>la vente du dispositif portable et la fourniture des services, y compris la facturation des frais correspondants ;<\/li>&#13;\n&#13;\n&#13;\n&#13;\n\r\n\r\n&#13;\n<ul>&#13;\n<li style=\"list-style-type: none;\">\n<ul>\n<li>la fourniture d&rsquo;un support client et d&rsquo;une assistance technique, y compris la transmission de communications relatives \u00e0 la vente du dispositif portable et \u00e0 la fourniture des services ;<\/li>\n<\/ul>\n<\/li>&#13;\n<\/ul>&#13;\n\r\n\r\n&#13;\n<ul>&#13;\n<li style=\"list-style-type: none;\">\n<ul>\n<li>la mesure de la qualit\u00e9 de service et des indicateurs pertinents du dispositif portable et de l&rsquo;application ;<\/li>\n<\/ul>\n<\/li>&#13;\n<\/ul>&#13;\n\r\n\r\n&#13;\n<ul>&#13;\n<li style=\"list-style-type: none;\">\n<ul>\n<li>la gestion des r\u00e9clamations et des litiges ;<\/li>\n<\/ul>\n<\/li>&#13;\n<\/ul>&#13;\n\r\n\r\n&#13;\n<ul>&#13;\n<li style=\"list-style-type: none;\">\n<ul>\n<li>le respect des lois applicables en mati\u00e8re de protection des donn\u00e9es et\/ou la r\u00e9ponse aux demandes des autorit\u00e9s publiques et gouvernementales ;<\/li>\n<\/ul>\n<\/li>&#13;\n<\/ul>&#13;\n\r\n\r\n&#13;\n<ul>&#13;\n<li style=\"list-style-type: none;\">\n<ul>\n<li>la r\u00e9alisation d&rsquo;\u00e9valuations de cr\u00e9dit par des soci\u00e9t\u00e9s autoris\u00e9es ;<\/li>\n<\/ul>\n<\/li>&#13;\n<\/ul>&#13;\n\r\n\r\n&#13;\n<ul>&#13;\n<li style=\"list-style-type: none;\">\n<ul>\n<li>la r\u00e9alisation de tests, de mises \u00e0 jour et de d\u00e9veloppements concernant le dispositif portable, l&rsquo;application et les services fournis par Magnes ;<\/li>\n<\/ul>\n<\/li>&#13;\n<\/ul>&#13;\n\r\n\r\n&#13;\n<ul>&#13;\n<li style=\"list-style-type: none;\">\n<ul>\n<li>la r\u00e9alisation d&rsquo;activit\u00e9s de v\u00e9rification pr\u00e9alable par des tiers tels que des acqu\u00e9reurs, des investisseurs et\/ou leurs conseillers dans le cadre d&rsquo;une vente potentielle de l&rsquo;entreprise ou d&rsquo;un investissement dans la soci\u00e9t\u00e9 ;<\/li>\n<\/ul>\n<\/li>&#13;\n<\/ul>&#13;\n\r\n\r\n&#13;\n<ul>&#13;\n<li style=\"list-style-type: none;\">\n<ul>\n<li>aux fins de communications marketing (directes) concernant les services ;<\/li>\n<\/ul>\n<\/li>&#13;\n<\/ul>&#13;\n\r\n\r\n&#13;\n<ul>&#13;\n<li style=\"list-style-type: none;\">\n<ul>\n<li>l&rsquo;envoi de bulletins d&rsquo;information ;<\/li>\n<\/ul>\n<\/li>&#13;\n<\/ul>&#13;\n&#13;\n<h3 class=\"wp-block-heading\">5. Sur quelle base juridique Magnes traite-t-il vos donn\u00e9es personnelles ?<\/h3>&#13;\n Your personal data will be processed based one or several of the following legal grounds: \r\n<ul class=\"wp-block-list\">\r\n<li style=\"list-style-type: none;\">\r\n<ul>&#13;\n<li>Initiation, ex\u00e9cution et r\u00e9siliation d&rsquo;un contrat concernant le dispositif portable et\/ou les services<\/li>&#13;\n&#13;\n&#13;\n&#13;\n\r\n\r\n&#13;\n<ul>&#13;\n<li style=\"list-style-type: none;\">\n<ul>\n<li>Int\u00e9r\u00eats l\u00e9gitimes de Magnes<\/li>\n<\/ul>\n<\/li>&#13;\n<\/ul>&#13;\n\r\n\r\n&#13;\n<ul>&#13;\n<li style=\"list-style-type: none;\">\n<ul>\n<li>Respect des lois applicables<\/li>\n<\/ul>\n<\/li>&#13;\n<\/ul>&#13;\n\r\n\r\n&#13;\n<ul>&#13;\n<li style=\"list-style-type: none;\">\n<ul>\n<li>Votre consentement<\/li>\n<\/ul>\n<\/li>&#13;\n<\/ul>&#13;\n&#13;\n<h3 class=\"wp-block-heading\">6. Existe-t-il une obligation de fournir vos donn\u00e9es personnelles ?<\/h3>&#13;\n You are free to provide your personal data or not.  Special Categories of Data (Health data) will only be processed by Magnes if you have provided your express consent to do so.  Please note that if you do not provide your personal data or your special category data, Magnes may not be able to sell the Wearable or provide the Services to you. &#13;\n<h3 class=\"wp-block-heading\">7. Comment Magnes prot\u00e8ge-t-il vos donn\u00e9es personnelles ?<\/h3>&#13;\n Your personal data will be processed both electronically and\/or manually. To ensure the security, protection, and confidentiality of your personal data Magnes has implemented the appropriate technical and organizational measures against loss, theft, and unauthorized use, disclosure, or modification. All data transfers occur using HTTPS and the database needs to have a valid SSL certificate for the App to perform data transfers. The devices use a WPA2 encrypted network to transfer data. &#13;\n<h3 class=\"wp-block-heading\">8. Qui peut avoir acc\u00e8s \u00e0 vos donn\u00e9es personnelles ?<\/h3>&#13;\n Your personal data may be transferred to the following recipients located within Switzerland and the EEA and, in certain cases, outside Switzerland and the EEA: \r\n<ul class=\"wp-block-list\">\r\n<li style=\"list-style-type: none;\">\r\n<ul>&#13;\n<li>Prestataires de services tiers requis pour la vente du dispositif portable ou pour la fourniture des services, de l&rsquo;assistance ou des conseils \u00e0 Magnes, tels que des soci\u00e9t\u00e9s de technologie, de comptabilit\u00e9, d&rsquo;administration, juridiques, d&rsquo;assurance, informatiques (y compris les services Cloud) ou de marketing ;<\/li>&#13;\n&#13;\n&#13;\n&#13;\n\r\n\r\n&#13;\n<ul>&#13;\n<li style=\"list-style-type: none;\">\n<ul>\n<li>Autorit\u00e9s comp\u00e9tentes<\/li>\n<\/ul>\n<\/li>&#13;\n<\/ul>&#13;\n\r\n\r\n&#13;\n<ul>&#13;\n<li style=\"list-style-type: none;\">\n<ul>\n<li>Acqu\u00e9reurs ou partenaires potentiels de Magnes<\/li>\n<\/ul>\n<\/li>&#13;\n<\/ul>&#13;\n\r\n\r\n&#13;\n<ul>&#13;\n<li style=\"list-style-type: none;\">\n<ul>\n<li>Agences de cr\u00e9dit<\/li>\n<\/ul>\n<\/li>&#13;\n<\/ul>&#13;\n\r\n\r\n&#13;\n<ul>&#13;\n<li style=\"list-style-type: none;\">\n<ul>\n<li>Le m\u00e9decin et\/ou la clinique o\u00f9 vous \u00eates trait\u00e9 (sous r\u00e9serve de votre consentement)<\/li>\n<\/ul>\n<\/li>&#13;\n<\/ul>&#13;\n\r\n\r\n&#13;\n<ul>&#13;\n<li style=\"list-style-type: none;\">\n<ul>\n<li>Un tiers avec lequel vous choisissez de partager vos donn\u00e9es (sous r\u00e9serve de votre consentement)<\/li>\n<\/ul>\n<\/li>&#13;\n<\/ul>&#13;\n Where Magnes uses third party providers, Magnes will ensure that such providers adhere to the requirements of the relevant data protection laws. Where a third party recipient qualifies as a data processor, Magnes will enter into the appropriate agreements with such processor, in particular a data processing agreement where legally required. &#13;\n<h3 class=\"wp-block-heading\">9. Transfert de vos donn\u00e9es personnelles en dehors de la Suisse et de l&rsquo;EEE ?<\/h3>&#13;\n Generally, your personal data will be processed in Switzerland or the EEA.  For transfers outside Switzerland or the EEA, Magnes has put in place appropriate and suitable safeguards to protect your personal data in compliance with the requirements of applicable data protection laws, in particular Art. 44-50 of the GDPR. This may involve the transfer to countries with an adequacy decision or the use of standard contractual clauses adopted by the European Commission. &#13;\n<h3 class=\"wp-block-heading\">10. Combien de temps Magnes conservera-t-il vos donn\u00e9es personnelles ?<\/h3>&#13;\n Magnes stores your personal data for as long as this is necessary for the initiation, execution or termination of your contractual relationship Magnes and the provision of the Services. If the processing is based on your consent, your personal data will be retained until the consent is revoked.  When the contractual relationship has ended or you have revoked your consent, your personal data will be deleted by Magnes, except where Magnes is required to retain such data due to statutory retention obligations (e.g. for tax purposes) or Magnes has a legitimate interest to keep your personal data (e.g. in case of a dispute). &#13;\n<h3 class=\"wp-block-heading\">11. Quels sont vos droits concernant vos donn\u00e9es personnelles ?<\/h3>&#13;\n You have the following rights in relation to personal data relating to you: \r\n<ul class=\"wp-block-list\">\r\n<li style=\"list-style-type: none;\">\r\n<ul>&#13;\n<li>Droit d&rsquo;acc\u00e8s<\/li>&#13;\n&#13;\n&#13;\n&#13;\n\r\n\r\n&#13;\n<ul>&#13;\n<li style=\"list-style-type: none;\">\n<ul>\n<li>Droit de rectification<\/li>\n<\/ul>\n<\/li>&#13;\n<\/ul>&#13;\n\r\n\r\n&#13;\n<ul>&#13;\n<li style=\"list-style-type: none;\">\n<ul>\n<li>Droit \u00e0 l&rsquo;effacement<\/li>\n<\/ul>\n<\/li>&#13;\n<\/ul>&#13;\n\r\n\r\n&#13;\n<ul>&#13;\n<li style=\"list-style-type: none;\">\n<ul>\n<li>Droit \u00e0 la limitation du traitement<\/li>\n<\/ul>\n<\/li>&#13;\n<\/ul>&#13;\n\r\n\r\n&#13;\n<ul>&#13;\n<li style=\"list-style-type: none;\">\n<ul>\n<li>Droit d&rsquo;opposition au traitement<\/li>\n<\/ul>\n<\/li>&#13;\n<\/ul>&#13;\n\r\n\r\n&#13;\n<ul>&#13;\n<li style=\"list-style-type: none;\">\n<ul>\n<li>Droit \u00e0 la portabilit\u00e9 des donn\u00e9es<\/li>\n<\/ul>\n<\/li>&#13;\n<\/ul>&#13;\n If you consider that the processing of your personal data is unlawful, you also have the right to lodge a complaint about our processing of your personal data with a data protection supervisory authority in your country of residence.  <strong>Insofar as you have given consent to Magnes for the processing of your personal data in respect of the purchase of the Wearable or the use of the App or Webportal, you may revoke this consent at any time with effect for the future. The processing of your personal data until your revocation remains unaffected.<\/strong>  To the extent that the processing of your personal data is carried out for Magnes\u2018 legitimate interests, you have the right to object to the processing of this data at any time for grounds relating to your particular situation. Magnes will then no longer process this personal data unless Magnes can demonstrate compelling legitimate grounds for the processing. These must override your interests, rights and freedoms, or the processing must serve the assertion, exercise or defence of legal claims.  To assert your rights or for other data protection concerns, you can contact Magnes at any time via the contact channels listed in section 2 above and\/or as set out in Magnes imprint. &#13;\n<h3 class=\"wp-block-heading\">12. Y aura-t-il une prise de d\u00e9cision automatis\u00e9e ?<\/h3>&#13;\n There will be no automated decision making about you by Magnes. &#13;\n<h3 class=\"wp-block-heading\"><strong>13. Magnes peut-il utiliser des donn\u00e9es anonymis\u00e9es ?<\/strong><\/h3>&#13;\n In order to assess, enhance and further develop the Wearable, the App or its Services and for scientific purposes, Magnes may use your personal data in an anonymized form. Your data will be anonymized completely by Magnes so that neither Magnes nor any third party can reverse the anonymization or identify you. &#13;\n<h3 class=\"wp-block-heading\">14. Mineurs<\/h3>&#13;\n The Wearable and the App may be used by adults (i.e. people who are 16 years or older).  Where personal data of a child is processed, we require that a parent provides consent to the processing of personal data of the child. &#13;\n<h3 class=\"wp-block-heading\">15. Mises \u00e0 jour<\/h3>&#13;\n This privacy notice may be subsequently updated. Material changes will be notified in advance and you will be able to review the latest version of the privacy notice on the website <a href=\"https:\/\/magnes.ch\">www.magnes.ch<\/a> and on the App. ","protected":false},"excerpt":{"rendered":"<p>1. Introduction This privacy notice sets out how Magnes AG (\u201cMagnes\u201d) processes your personal data collected through the Magnes Nushu (\u201cWearable\u201d), the Nushu App (\u201cApp\u201d) and\/or the Webportal (\u201cWebportal\u201d) in order to provide the product and services (the \u00ab\u00a0Services\u00a0\u00bb) offered by Magnes to you.&#13; 2. Qui est responsable du traitement de vos donn\u00e9es personnelles ? [&hellip;]<\/p>\n","protected":false},"author":2,"featured_media":0,"parent":0,"menu_order":0,"comment_status":"closed","ping_status":"closed","template":"","meta":{"_acf_changed":false,"footnotes":""},"class_list":["post-2005","page","type-page","status-publish","hentry"],"acf":[],"_links":{"self":[{"href":"https:\/\/magnes.ch\/fr\/wp-json\/wp\/v2\/pages\/2005","targetHints":{"allow":["GET"]}}],"collection":[{"href":"https:\/\/magnes.ch\/fr\/wp-json\/wp\/v2\/pages"}],"about":[{"href":"https:\/\/magnes.ch\/fr\/wp-json\/wp\/v2\/types\/page"}],"author":[{"embeddable":true,"href":"https:\/\/magnes.ch\/fr\/wp-json\/wp\/v2\/users\/2"}],"replies":[{"embeddable":true,"href":"https:\/\/magnes.ch\/fr\/wp-json\/wp\/v2\/comments?post=2005"}],"version-history":[{"count":1,"href":"https:\/\/magnes.ch\/fr\/wp-json\/wp\/v2\/pages\/2005\/revisions"}],"predecessor-version":[{"id":2006,"href":"https:\/\/magnes.ch\/fr\/wp-json\/wp\/v2\/pages\/2005\/revisions\/2006"}],"wp:attachment":[{"href":"https:\/\/magnes.ch\/fr\/wp-json\/wp\/v2\/media?parent=2005"}],"curies":[{"name":"wp","href":"https:\/\/api.w.org\/{rel}","templated":true}]}}