{"id":2015,"date":"2025-12-22T16:30:06","date_gmt":"2025-12-22T16:30:06","guid":{"rendered":"https:\/\/magnes.ch\/aviso-de-privacidad-de-magnes\/"},"modified":"2026-02-26T11:52:38","modified_gmt":"2026-02-26T11:52:38","slug":"aviso-de-privacidad-de-magnes","status":"publish","type":"page","link":"https:\/\/magnes.ch\/es\/aviso-de-privacidad-de-magnes\/","title":{"rendered":"Aviso de privacidad de Magnes"},"content":{"rendered":"\r\n<div class=\"mx-auto max-w-prose text-lg\"><\/div>\r\n<h3 class=\"wp-block-heading\">1. Introducci\u00f3n<\/h3>\r\n This privacy notice sets out how Magnes AG (\u201cMagnes\u201d) processes your personal data collected through the Magnes Nushu (\u201cWearable\u201d), the Nushu App (\u201cApp\u201d) and\/or the Webportal (\u201cWebportal\u201d) in order to provide the product and services (the \u00abServices\u00bb) offered by Magnes to you.&#13;\n<h3 class=\"wp-block-heading\">2. \u00bfQui\u00e9n es responsable del tratamiento de sus datos personales?<\/h3>&#13;\n The data controller of your personal data processed by Magnes is:  MAGNES AG  Hardturmstrasse 253  8005 Z\u00fcrich  Switzerland  If you have a concern or complaint about the processing of your personal data please contact the controller via <a href=\"mailto:privacy@magnes.ch\">privacy@magnes.ch<\/a> &#13;\n<h3 class=\"wp-block-heading\">\u00a0<\/h3>&#13;\n<h3 class=\"wp-block-heading\">3. \u00bfQu\u00e9 tipo de datos personales trata Magnes?<\/h3>&#13;\n Magnes may process the following categories of personal data: For the purchase of the Wearable: Your name, contact details (i.e. address, phone number, email address), payment information (e.g. credit card details). &#13;\n<h4 class=\"wp-block-heading\">En el dispositivo wearable:<\/h4>&#13;\n\r\n<ul class=\"wp-block-list\">\r\n<li style=\"list-style-type: none;\">\r\n<ul>&#13;\n<li><strong>Datos personales:<\/strong> Ninguno<\/li>&#13;\n&#13;\n&#13;\n&#13;\n\r\n\r\n&#13;\n<ul>&#13;\n<li style=\"list-style-type: none;\">\n<ul>\n<li><strong>Informaci\u00f3n t\u00e9cnica:<\/strong> Identificador Nushu (p. ej., direcci\u00f3n MAC, UID), ajustes de Bluetooth\u00ae y WiFi (Activado\/Desactivado)<\/li>\n<\/ul>\n<\/li>&#13;\n<\/ul>&#13;\n\r\n\r\n&#13;\n<ul>&#13;\n<li style=\"list-style-type: none;\">\n<ul>\n<li><strong>Datos de salud:<\/strong> Datos de la marcha<\/li>\n<\/ul>\n<\/li>&#13;\n<\/ul>&#13;\n&#13;\n<h4 class=\"wp-block-heading\">En la aplicaci\u00f3n:<\/h4>&#13;\n\r\n<ul class=\"wp-block-list\">\r\n<li style=\"list-style-type: none;\">\r\n<ul>&#13;\n<li><strong>Datos personales:<\/strong> Nombre (apellidos, segundo nombre y nombre), direcci\u00f3n, n\u00famero de tel\u00e9fono, direcci\u00f3n de correo electr\u00f3nico, fecha de nacimiento<\/li>&#13;\n&#13;\n&#13;\n&#13;\n\r\n\r\n&#13;\n<ul>&#13;\n<li style=\"list-style-type: none;\">\n<ul>\n<li><strong>Informaci\u00f3n t\u00e9cnica:<\/strong> Direcci\u00f3n IP, identificador Nushu (p. ej., direcci\u00f3n MAC, UID), fechas y horas de acceso a la aplicaci\u00f3n, tipo de tel\u00e9fono\/dispositivo, as\u00ed como la versi\u00f3n del software, el sistema operativo, y los ajustes de Bluetooth\u00ae y WiFi (Activado\/Desactivado)<\/li>\n<\/ul>\n<\/li>&#13;\n<\/ul>&#13;\n\r\n\r\n&#13;\n<ul>&#13;\n<li style=\"list-style-type: none;\">\n<ul>\n<li><strong>Datos de salud:<\/strong> Peso, talla de calzado, edad, altura, lado afectado, datos de la marcha.<\/li>\n<\/ul>\n<\/li>&#13;\n<\/ul>&#13;\n&#13;\n<h4 class=\"wp-block-heading\">En el portal web:<\/h4>&#13;\n\r\n<ul class=\"wp-block-list\">\r\n<li style=\"list-style-type: none;\">\r\n<ul>&#13;\n<li><strong>Datos personales:<\/strong> Nombre (apellidos, segundo nombre y nombre), direcci\u00f3n, n\u00famero de tel\u00e9fono, direcci\u00f3n de correo electr\u00f3nico, fecha de nacimiento.<\/li>&#13;\n&#13;\n&#13;\n&#13;\n\r\n\r\n&#13;\n<ul>&#13;\n<li style=\"list-style-type: none;\">\n<ul>\n<li><strong>Informaci\u00f3n t\u00e9cnica:<\/strong> Identificador Nushu (p. ej., direcci\u00f3n MAC, UID), fechas y horas de acceso al dispositivo wearable, tipo de tel\u00e9fono\/dispositivo, as\u00ed como la versi\u00f3n del software, el sistema operativo, y los ajustes de Bluetooth\u00ae y WiFi (Activado\/Desactivado).<\/li>\n<\/ul>\n<\/li>&#13;\n<\/ul>&#13;\n\r\n\r\n&#13;\n<ul>&#13;\n<li style=\"list-style-type: none;\">\n<ul>\n<li><strong>Datos de salud:<\/strong> Peso, talla de calzado, edad, altura, lado afectado, datos de la marcha.<\/li>\n<\/ul>\n<\/li>&#13;\n<\/ul>&#13;\n&#13;\n<h3 class=\"wp-block-heading\">4. \u00bfCon qu\u00e9 fines trata Magnes sus datos personales?<\/h3>&#13;\n Magnes processes your personal data for the following purposes: \r\n<ul class=\"wp-block-list\">\r\n<li style=\"list-style-type: none;\">\r\n<ul>&#13;\n<li>la venta del dispositivo wearable y la prestaci\u00f3n de los Servicios, incluida la facturaci\u00f3n de las tarifas correspondientes;<\/li>&#13;\n&#13;\n&#13;\n&#13;\n\r\n\r\n&#13;\n<ul>&#13;\n<li style=\"list-style-type: none;\">\n<ul>\n<li>la prestaci\u00f3n de atenci\u00f3n al cliente y asistencia t\u00e9cnica, incluida la entrega de comunicaciones relacionadas con la venta del dispositivo wearable y la prestaci\u00f3n de los Servicios;<\/li>\n<\/ul>\n<\/li>&#13;\n<\/ul>&#13;\n\r\n\r\n&#13;\n<ul>&#13;\n<li style=\"list-style-type: none;\">\n<ul>\n<li>la medici\u00f3n de la calidad del servicio y de las m\u00e9tricas pertinentes del dispositivo wearable y de la aplicaci\u00f3n;<\/li>\n<\/ul>\n<\/li>&#13;\n<\/ul>&#13;\n\r\n\r\n&#13;\n<ul>&#13;\n<li style=\"list-style-type: none;\">\n<ul>\n<li>la gesti\u00f3n de reclamaciones y disputas;<\/li>\n<\/ul>\n<\/li>&#13;\n<\/ul>&#13;\n\r\n\r\n&#13;\n<ul>&#13;\n<li style=\"list-style-type: none;\">\n<ul>\n<li>garantizar el cumplimiento de la normativa aplicable en materia de protecci\u00f3n de datos y\/o responder a solicitudes de autoridades p\u00fablicas y gubernamentales;<\/li>\n<\/ul>\n<\/li>&#13;\n<\/ul>&#13;\n\r\n\r\n&#13;\n<ul>&#13;\n<li style=\"list-style-type: none;\">\n<ul>\n<li>la realizaci\u00f3n de evaluaciones de solvencia por parte de empresas autorizadas;<\/li>\n<\/ul>\n<\/li>&#13;\n<\/ul>&#13;\n\r\n\r\n&#13;\n<ul>&#13;\n<li style=\"list-style-type: none;\">\n<ul>\n<li>la realizaci\u00f3n de pruebas, actualizaciones y desarrollos relativos al dispositivo wearable, la aplicaci\u00f3n y los Servicios prestados por Magnes;<\/li>\n<\/ul>\n<\/li>&#13;\n<\/ul>&#13;\n\r\n\r\n&#13;\n<ul>&#13;\n<li style=\"list-style-type: none;\">\n<ul>\n<li>la realizaci\u00f3n de actividades de due diligence por parte de terceros, como adquirentes, inversores y\/o sus asesores, para una posible venta del negocio o inversi\u00f3n en la empresa;<\/li>\n<\/ul>\n<\/li>&#13;\n<\/ul>&#13;\n\r\n\r\n&#13;\n<ul>&#13;\n<li style=\"list-style-type: none;\">\n<ul>\n<li>con fines de comunicaciones de marketing (directo) relativas a los Servicios;<\/li>\n<\/ul>\n<\/li>&#13;\n<\/ul>&#13;\n\r\n\r\n&#13;\n<ul>&#13;\n<li style=\"list-style-type: none;\">\n<ul>\n<li>el env\u00edo de boletines informativos;<\/li>\n<\/ul>\n<\/li>&#13;\n<\/ul>&#13;\n&#13;\n<h3 class=\"wp-block-heading\">5. \u00bfEn qu\u00e9 base jur\u00eddica trata Magnes sus datos personales?<\/h3>&#13;\n Your personal data will be processed based one or several of the following legal grounds: \r\n<ul class=\"wp-block-list\">\r\n<li style=\"list-style-type: none;\">\r\n<ul>&#13;\n<li>Inicio, ejecuci\u00f3n y finalizaci\u00f3n de un contrato relativo al dispositivo wearable y\/o a los Servicios<\/li>&#13;\n&#13;\n&#13;\n&#13;\n\r\n\r\n&#13;\n<ul>&#13;\n<li style=\"list-style-type: none;\">\n<ul>\n<li>Intereses leg\u00edtimos de Magnes<\/li>\n<\/ul>\n<\/li>&#13;\n<\/ul>&#13;\n\r\n\r\n&#13;\n<ul>&#13;\n<li style=\"list-style-type: none;\">\n<ul>\n<li>Cumplimiento de la normativa aplicable<\/li>\n<\/ul>\n<\/li>&#13;\n<\/ul>&#13;\n\r\n\r\n&#13;\n<ul>&#13;\n<li style=\"list-style-type: none;\">\n<ul>\n<li>Su consentimiento<\/li>\n<\/ul>\n<\/li>&#13;\n<\/ul>&#13;\n&#13;\n<h3 class=\"wp-block-heading\">6. \u00bfExiste obligaci\u00f3n de facilitar sus datos personales?<\/h3>&#13;\n You are free to provide your personal data or not.  Special Categories of Data (Health data) will only be processed by Magnes if you have provided your express consent to do so.  Please note that if you do not provide your personal data or your special category data, Magnes may not be able to sell the Wearable or provide the Services to you. &#13;\n<h3 class=\"wp-block-heading\">7. \u00bfC\u00f3mo protege Magnes sus datos personales?<\/h3>&#13;\n Your personal data will be processed both electronically and\/or manually. To ensure the security, protection, and confidentiality of your personal data Magnes has implemented the appropriate technical and organizational measures against loss, theft, and unauthorized use, disclosure, or modification. All data transfers occur using HTTPS and the database needs to have a valid SSL certificate for the App to perform data transfers. The devices use a WPA2 encrypted network to transfer data. &#13;\n<h3 class=\"wp-block-heading\">8. \u00bfQui\u00e9n puede tener acceso a sus datos personales?<\/h3>&#13;\n Your personal data may be transferred to the following recipients located within Switzerland and the EEA and, in certain cases, outside Switzerland and the EEA: \r\n<ul class=\"wp-block-list\">\r\n<li style=\"list-style-type: none;\">\r\n<ul>&#13;\n<li>Terceros proveedores de servicios necesarios para la venta del dispositivo wearable o para prestar los Servicios, asistencia o asesoramiento a Magnes, como empresas de tecnolog\u00eda, contabilidad, administraci\u00f3n, servicios jur\u00eddicos, seguros, TI (incluidos servicios en la nube) o marketing;<\/li>&#13;\n&#13;\n&#13;\n&#13;\n\r\n\r\n&#13;\n<ul>&#13;\n<li style=\"list-style-type: none;\">\n<ul>\n<li>Autoridades competentes<\/li>\n<\/ul>\n<\/li>&#13;\n<\/ul>&#13;\n\r\n\r\n&#13;\n<ul>&#13;\n<li style=\"list-style-type: none;\">\n<ul>\n<li>Posibles adquirentes o socios de Magnes<\/li>\n<\/ul>\n<\/li>&#13;\n<\/ul>&#13;\n\r\n\r\n&#13;\n<ul>&#13;\n<li style=\"list-style-type: none;\">\n<ul>\n<li>Agencias de cr\u00e9dito<\/li>\n<\/ul>\n<\/li>&#13;\n<\/ul>&#13;\n\r\n\r\n&#13;\n<ul>&#13;\n<li style=\"list-style-type: none;\">\n<ul>\n<li>El m\u00e9dico y\/o la cl\u00ednica donde recibe tratamiento (sujeto a su consentimiento)<\/li>\n<\/ul>\n<\/li>&#13;\n<\/ul>&#13;\n\r\n\r\n&#13;\n<ul>&#13;\n<li style=\"list-style-type: none;\">\n<ul>\n<li>Un tercero con el que usted decida compartir sus datos (sujeto a su consentimiento)<\/li>\n<\/ul>\n<\/li>&#13;\n<\/ul>&#13;\n Where Magnes uses third party providers, Magnes will ensure that such providers adhere to the requirements of the relevant data protection laws. Where a third party recipient qualifies as a data processor, Magnes will enter into the appropriate agreements with such processor, in particular a data processing agreement where legally required. &#13;\n<h3 class=\"wp-block-heading\">9. \u00bfTransferencia de sus datos personales fuera de Suiza y del EEE?<\/h3>&#13;\n Generally, your personal data will be processed in Switzerland or the EEA.  For transfers outside Switzerland or the EEA, Magnes has put in place appropriate and suitable safeguards to protect your personal data in compliance with the requirements of applicable data protection laws, in particular Art. 44-50 of the GDPR. This may involve the transfer to countries with an adequacy decision or the use of standard contractual clauses adopted by the European Commission. &#13;\n<h3 class=\"wp-block-heading\">10. \u00bfDurante cu\u00e1nto tiempo conservar\u00e1 Magnes sus datos personales?<\/h3>&#13;\n Magnes stores your personal data for as long as this is necessary for the initiation, execution or termination of your contractual relationship Magnes and the provision of the Services. If the processing is based on your consent, your personal data will be retained until the consent is revoked.  When the contractual relationship has ended or you have revoked your consent, your personal data will be deleted by Magnes, except where Magnes is required to retain such data due to statutory retention obligations (e.g. for tax purposes) or Magnes has a legitimate interest to keep your personal data (e.g. in case of a dispute). &#13;\n<h3 class=\"wp-block-heading\">11. \u00bfCu\u00e1les son sus derechos en relaci\u00f3n con sus datos personales?<\/h3>&#13;\n You have the following rights in relation to personal data relating to you: \r\n<ul class=\"wp-block-list\">\r\n<li style=\"list-style-type: none;\">\r\n<ul>&#13;\n<li>Derecho de acceso<\/li>&#13;\n&#13;\n&#13;\n&#13;\n\r\n\r\n&#13;\n<ul>&#13;\n<li style=\"list-style-type: none;\">\n<ul>\n<li>Derecho de rectificaci\u00f3n<\/li>\n<\/ul>\n<\/li>&#13;\n<\/ul>&#13;\n\r\n\r\n&#13;\n<ul>&#13;\n<li style=\"list-style-type: none;\">\n<ul>\n<li>Derecho de supresi\u00f3n<\/li>\n<\/ul>\n<\/li>&#13;\n<\/ul>&#13;\n\r\n\r\n&#13;\n<ul>&#13;\n<li style=\"list-style-type: none;\">\n<ul>\n<li>Derecho a la limitaci\u00f3n del tratamiento<\/li>\n<\/ul>\n<\/li>&#13;\n<\/ul>&#13;\n\r\n\r\n&#13;\n<ul>&#13;\n<li style=\"list-style-type: none;\">\n<ul>\n<li>Derecho de oposici\u00f3n al tratamiento<\/li>\n<\/ul>\n<\/li>&#13;\n<\/ul>&#13;\n\r\n\r\n&#13;\n<ul>&#13;\n<li style=\"list-style-type: none;\">\n<ul>\n<li>Derecho a la portabilidad de los datos<\/li>\n<\/ul>\n<\/li>&#13;\n<\/ul>&#13;\n If you consider that the processing of your personal data is unlawful, you also have the right to lodge a complaint about our processing of your personal data with a data protection supervisory authority in your country of residence.  <strong>Insofar as you have given consent to Magnes for the processing of your personal data in respect of the purchase of the Wearable or the use of the App or Webportal, you may revoke this consent at any time with effect for the future. The processing of your personal data until your revocation remains unaffected.<\/strong>  To the extent that the processing of your personal data is carried out for Magnes\u2018 legitimate interests, you have the right to object to the processing of this data at any time for grounds relating to your particular situation. Magnes will then no longer process this personal data unless Magnes can demonstrate compelling legitimate grounds for the processing. These must override your interests, rights and freedoms, or the processing must serve the assertion, exercise or defence of legal claims.  To assert your rights or for other data protection concerns, you can contact Magnes at any time via the contact channels listed in section 2 above and\/or as set out in Magnes imprint. &#13;\n<h3 class=\"wp-block-heading\">12. \u00bfHabr\u00e1 toma de decisiones automatizada?<\/h3>&#13;\n There will be no automated decision making about you by Magnes. &#13;\n<h3 class=\"wp-block-heading\"><strong>13. \u00bfPuede Magnes utilizar datos anonimizados?<\/strong><\/h3>&#13;\n In order to assess, enhance and further develop the Wearable, the App or its Services and for scientific purposes, Magnes may use your personal data in an anonymized form. Your data will be anonymized completely by Magnes so that neither Magnes nor any third party can reverse the anonymization or identify you. &#13;\n<h3 class=\"wp-block-heading\">14. Menores<\/h3>&#13;\n The Wearable and the App may be used by adults (i.e. people who are 16 years or older).  Where personal data of a child is processed, we require that a parent provides consent to the processing of personal data of the child. &#13;\n<h3 class=\"wp-block-heading\">15. Actualizaciones<\/h3>&#13;\n This privacy notice may be subsequently updated. Material changes will be notified in advance and you will be able to review the latest version of the privacy notice on the website <a href=\"https:\/\/magnes.ch\">www.magnes.ch<\/a> and on the App. ","protected":false},"excerpt":{"rendered":"<p>1. Introducci\u00f3n This privacy notice sets out how Magnes AG (\u201cMagnes\u201d) processes your personal data collected through the Magnes Nushu (\u201cWearable\u201d), the Nushu App (\u201cApp\u201d) and\/or the Webportal (\u201cWebportal\u201d) in order to provide the product and services (the \u00abServices\u00bb) offered by Magnes to you.&#13; 2. \u00bfQui\u00e9n es responsable del tratamiento de sus datos personales? &#13; [&hellip;]<\/p>\n","protected":false},"author":2,"featured_media":0,"parent":0,"menu_order":0,"comment_status":"closed","ping_status":"closed","template":"","meta":{"_acf_changed":false,"footnotes":""},"class_list":["post-2015","page","type-page","status-publish","hentry"],"acf":[],"_links":{"self":[{"href":"https:\/\/magnes.ch\/es\/wp-json\/wp\/v2\/pages\/2015","targetHints":{"allow":["GET"]}}],"collection":[{"href":"https:\/\/magnes.ch\/es\/wp-json\/wp\/v2\/pages"}],"about":[{"href":"https:\/\/magnes.ch\/es\/wp-json\/wp\/v2\/types\/page"}],"author":[{"embeddable":true,"href":"https:\/\/magnes.ch\/es\/wp-json\/wp\/v2\/users\/2"}],"replies":[{"embeddable":true,"href":"https:\/\/magnes.ch\/es\/wp-json\/wp\/v2\/comments?post=2015"}],"version-history":[{"count":1,"href":"https:\/\/magnes.ch\/es\/wp-json\/wp\/v2\/pages\/2015\/revisions"}],"predecessor-version":[{"id":2016,"href":"https:\/\/magnes.ch\/es\/wp-json\/wp\/v2\/pages\/2015\/revisions\/2016"}],"wp:attachment":[{"href":"https:\/\/magnes.ch\/es\/wp-json\/wp\/v2\/media?parent=2015"}],"curies":[{"name":"wp","href":"https:\/\/api.w.org\/{rel}","templated":true}]}}